{"id":238542,"date":"2021-07-13T15:16:39","date_gmt":"2021-07-13T15:16:39","guid":{"rendered":"https:\/\/campfortuneskiclub.org\/?page_id=238542"},"modified":"2025-05-31T12:56:53","modified_gmt":"2025-05-31T12:56:53","slug":"programme-u18","status":"publish","type":"page","link":"https:\/\/campfortuneskiclub.org\/fr\/programmes\/programme-u18\/","title":{"rendered":"PROGRAMME U18+"},"content":{"rendered":"<p>[et_pb_section fb_built=\u00a0\u00bb1&Prime; admin_label=\u00a0\u00bbHero\u00a0\u00bb _builder_version=\u00a0\u00bb4.9.7&Prime; _module_preset=\u00a0\u00bbd696f5f8-1cad-4b1e-802e-64987bcca1c4&Prime; use_background_color_gradient=\u00a0\u00bbon\u00a0\u00bb background_color_gradient_start=\u00a0\u00bbrgba(17,17,17,0.82)\u00a0\u00bb background_color_gradient_end=\u00a0\u00bbrgba(17,17,17,0.11)\u00a0\u00bb background_color_gradient_direction=\u00a0\u00bb90deg\u00a0\u00bb background_color_gradient_overlays_image=\u00a0\u00bbon\u00a0\u00bb background_image=\u00a0\u00bbhttps:\/\/campfortuneskiclub.org\/wp-content\/uploads\/2022\/02\/17-3-scaled.jpg\u00a0\u00bb custom_padding=\u00a0\u00bb160px||0px||false|false\u00a0\u00bb bottom_divider_style=\u00a0\u00bbslant\u00a0\u00bb bottom_divider_color=\u00a0\u00bb#ffffff\u00a0\u00bb bottom_divider_flip=\u00a0\u00bbvertical\u00a0\u00bb locked=\u00a0\u00bboff\u00a0\u00bb][et_pb_row column_structure=\u00a0\u00bb3_4,1_4&Prime; _builder_version=\u00a0\u00bb4.9.7&Prime; background_size=\u00a0\u00bbinitial\u00a0\u00bb background_position=\u00a0\u00bbtop_left\u00a0\u00bb background_repeat=\u00a0\u00bbrepeat\u00a0\u00bb custom_padding=\u00a0\u00bb27px|0px|0px|0px\u00a0\u00bb][et_pb_column type=\u00a0\u00bb3_4&Prime; _builder_version=\u00a0\u00bb4.9.7&Prime; custom_padding=\u00a0\u00bb|||\u00a0\u00bb custom_padding__hover=\u00a0\u00bb|||\u00a0\u00bb][et_pb_text admin_label=\u00a0\u00bbTitle\u00a0\u00bb _builder_version=\u00a0\u00bb4.9.7&Prime; text_font=\u00a0\u00bbMontserrat|700|||||||\u00a0\u00bb text_text_color=\u00a0\u00bb#FFFFFF\u00a0\u00bb text_font_size=\u00a0\u00bb18px\u00a0\u00bb custom_margin=\u00a0\u00bb||-94px||false|false\u00a0\u00bb custom_padding=\u00a0\u00bb||110px||false|false\u00a0\u00bb][\/et_pb_text][et_pb_text admin_label=\u00a0\u00bbTitle\u00a0\u00bb _builder_version=\u00a0\u00bb4.9.7&Prime; text_font=\u00a0\u00bbMontserrat|600|||||||\u00a0\u00bb text_text_color=\u00a0\u00bb#FFFFFF\u00a0\u00bb header_font=\u00a0\u00bbMontserrat|700|||||||\u00a0\u00bb header_text_color=\u00a0\u00bb#F67E20&Prime; custom_margin=\u00a0\u00bb||7px||false|false\u00a0\u00bb animation_speed_curve=\u00a0\u00bbease\u00a0\u00bb]<\/p>\n<h1>PROGRAMME U18+<\/h1>\n<p>[\/et_pb_text][et_pb_dcsbcm_divi_breadcrumbs_module _builder_version=\u00a0\u00bb4.9.4&Prime; _module_preset=\u00a0\u00bbdefault\u00a0\u00bb body_font=\u00a0\u00bbOpen Sans|700||on|||||\u00a0\u00bb body_text_color=\u00a0\u00bb#FFFFFF\u00a0\u00bb body_font_size=\u00a0\u00bb18px\u00a0\u00bb animation_style=\u00a0\u00bbzoom\u00a0\u00bb animation_direction=\u00a0\u00bbleft\u00a0\u00bb][\/et_pb_dcsbcm_divi_breadcrumbs_module][et_pb_divider color=\u00a0\u00bbrgba(255,255,255,0.7)\u00a0\u00bb divider_weight=\u00a0\u00bb3px\u00a0\u00bb _builder_version=\u00a0\u00bb4.9.4&Prime; max_width=\u00a0\u00bb120px\u00a0\u00bb animation_style=\u00a0\u00bbzoom\u00a0\u00bb animation_direction=\u00a0\u00bbleft\u00a0\u00bb animation_intensity_zoom=\u00a0\u00bb10%\u00a0\u00bb][\/et_pb_divider][et_pb_button button_url=\u00a0\u00bbhttps:\/\/campfortuneskiclub.org\/programmes\/?lang=fr\u00a0\u00bb button_text=\u00a0\u00bbProgrammes\u00a0\u00bb _builder_version=\u00a0\u00bb4.9.7&Prime; _module_preset=\u00a0\u00bbdefault\u00a0\u00bb button_font=\u00a0\u00bbMontserrat|700||on|||||\u00a0\u00bb custom_margin=\u00a0\u00bb150px||||false|false\u00a0\u00bb custom_margin_tablet=\u00a0\u00bb\u00a0\u00bb custom_margin_phone=\u00a0\u00bb0px||||false|false\u00a0\u00bb custom_margin_last_edited=\u00a0\u00bbon|phone\u00a0\u00bb custom_padding=\u00a0\u00bb20px|60px|20px|60px|true|true\u00a0\u00bb button_bg_color__hover_enabled=\u00a0\u00bboff\u00a0\u00bb button_border_color__hover_enabled=\u00a0\u00bboff\u00a0\u00bb button_text_size__hover_enabled=\u00a0\u00bboff\u00a0\u00bb button_one_text_size__hover_enabled=\u00a0\u00bboff\u00a0\u00bb button_two_text_size__hover_enabled=\u00a0\u00bboff\u00a0\u00bb button_text_color__hover_enabled=\u00a0\u00bboff\u00a0\u00bb button_one_text_color__hover_enabled=\u00a0\u00bboff\u00a0\u00bb button_two_text_color__hover_enabled=\u00a0\u00bboff\u00a0\u00bb button_border_width__hover_enabled=\u00a0\u00bboff\u00a0\u00bb button_one_border_width__hover_enabled=\u00a0\u00bboff\u00a0\u00bb button_two_border_width__hover_enabled=\u00a0\u00bboff\u00a0\u00bb button_one_border_color__hover_enabled=\u00a0\u00bboff\u00a0\u00bb button_two_border_color__hover_enabled=\u00a0\u00bboff\u00a0\u00bb button_border_radius__hover_enabled=\u00a0\u00bboff\u00a0\u00bb button_one_border_radius__hover_enabled=\u00a0\u00bboff\u00a0\u00bb button_two_border_radius__hover_enabled=\u00a0\u00bboff\u00a0\u00bb button_letter_spacing__hover_enabled=\u00a0\u00bboff\u00a0\u00bb button_one_letter_spacing__hover_enabled=\u00a0\u00bboff\u00a0\u00bb button_two_letter_spacing__hover_enabled=\u00a0\u00bboff\u00a0\u00bb button_one_bg_color__hover_enabled=\u00a0\u00bboff\u00a0\u00bb button_two_bg_color__hover_enabled=\u00a0\u00bboff\u00a0\u00bb button_bg_color__hover=\u00a0\u00bbrgba(95,26,109,0.8)\u00a0\u00bb button_border_color__hover=\u00a0\u00bbrgba(95,26,109,0.8)\u00a0\u00bb][\/et_pb_button][\/et_pb_column][et_pb_column type=\u00a0\u00bb1_4&Prime; _builder_version=\u00a0\u00bb4.9.7&Prime; custom_padding=\u00a0\u00bb|||\u00a0\u00bb custom_padding__hover=\u00a0\u00bb|||\u00a0\u00bb][\/et_pb_column][\/et_pb_row][\/et_pb_section][et_pb_section fb_built=\u00a0\u00bb1&Prime; _builder_version=\u00a0\u00bb4.9.4&Prime; custom_padding=\u00a0\u00bb76px|0px|76px|0px|true|false\u00a0\u00bb custom_padding_phone=\u00a0\u00bb0px||0px||false|false\u00a0\u00bb][et_pb_row column_structure=\u00a0\u00bb3_5,2_5&Prime; _builder_version=\u00a0\u00bb4.9.4&Prime; custom_margin=\u00a0\u00bb|auto||auto|false|false\u00a0\u00bb custom_padding=\u00a0\u00bb0px|0px|4px|0px|false|false\u00a0\u00bb][et_pb_column type=\u00a0\u00bb3_5&Prime; _builder_version=\u00a0\u00bb3.25&Prime; background_color=\u00a0\u00bb#ffffff\u00a0\u00bb custom_padding=\u00a0\u00bb|3%||\u00a0\u00bb custom_padding_tablet=\u00a0\u00bb11%|8%|11%|8%|true|true\u00a0\u00bb custom_padding_phone=\u00a0\u00bb12%|8%|12%|8%|true|true\u00a0\u00bb custom_padding_last_edited=\u00a0\u00bbon|tablet\u00a0\u00bb custom_padding__hover=\u00a0\u00bb|||\u00a0\u00bb][et_pb_text _builder_version=\u00a0\u00bb4.9.7&Prime; _module_preset=\u00a0\u00bbdefault\u00a0\u00bb text_text_color=\u00a0\u00bb#111111&Prime; header_font=\u00a0\u00bbMontserrat|300|||||||\u00a0\u00bb header_text_color=\u00a0\u00bb#000000&Prime; header_font_size=\u00a0\u00bb40px\u00a0\u00bb header_line_height=\u00a0\u00bb1.4em\u00a0\u00bb header_2_font=\u00a0\u00bbMontserrat||||||||\u00a0\u00bb header_2_text_color=\u00a0\u00bb#111111&Prime; custom_padding=\u00a0\u00bb45px||||false|false\u00a0\u00bb header_font_size_tablet=\u00a0\u00bb\u00a0\u00bb header_font_size_phone=\u00a0\u00bb25px\u00a0\u00bb header_font_size_last_edited=\u00a0\u00bbon|desktop\u00a0\u00bb]<\/p>\n<h2>Le Club de ski Camp Fortune offre aux athl\u00e8tes un programme U18+ .<\/h2>\n<p>&nbsp;<\/p>\n<p>[\/et_pb_text][et_pb_divider _builder_version=\u00a0\u00bb4.9.4&Prime; custom_margin=\u00a0\u00bb0px||||false|false\u00a0\u00bb locked=\u00a0\u00bboff\u00a0\u00bb][\/et_pb_divider][et_pb_text _builder_version=\u00a0\u00bb4.9.7&Prime; _module_preset=\u00a0\u00bbdefault\u00a0\u00bb hover_enabled=\u00a0\u00bb0&Prime; sticky_enabled=\u00a0\u00bb0&Prime;]<\/p>\n<p style=\"text-align: center;\">Notre programme U18+ se concentrera principalement sur le circuit Championnat Junior Provincial (CJP) avec une possibilit\u00e9 de d\u00e9parts FIS suppl\u00e9mentaires lors de nos courses r\u00e9gionales FIS organis\u00e9es annuellement \u00e0 CF\/MSM.<\/p>\n<p style=\"text-align: center;\">L&rsquo;accent est mis sur la phase \u00a0\u00bb S&rsquo;entra\u00eener \u00e0 la course \u00a0\u00bb du d\u00e9veloppement de l&rsquo;athl\u00e8te en tant que coureur alpin. Nos familles et nos athl\u00e8tes ont clairement indiqu\u00e9 au club que les courses organis\u00e9es les fins de semaine sont id\u00e9ales pour permettre aux athl\u00e8tes de continuer \u00e0 courir tout en restant concentr\u00e9s sur leur formation.<\/p>\n<p style=\"text-align: center;\">L&rsquo;entra\u00eenement a lieu normalement le samedi et le dimanche lorsqu&rsquo;il n&rsquo;y a pas de courses, avec des entra\u00eenements suppl\u00e9mentaires facultatifs le mardi, le mercredi soir et le vendredi toute la journ\u00e9e. Nous encourageons \u00e9galement nos athl\u00e8tes \u00e0 participer \u00e0 nos camps optionnels.<\/p>\n<p style=\"text-align: center;\">En g\u00e9n\u00e9ral, les coureurs de ce programme ont progress\u00e9 dans les programmes \u00ab\u00a0U\u00a0\u00bb et sont \u00e2g\u00e9s de 16 \u00e0 17 ans, mais nous accueillons des athl\u00e8tes plus \u00e2g\u00e9s, jusqu&rsquo;\u00e0 l&rsquo;\u00e2ge de 21 ans.<\/p>\n<p style=\"text-align: center;\"><a href=\"https:\/\/www.skiquebec.qc.ca\/avis-de-courses-circuit-junior-provincial\"><img loading=\"lazy\" decoding=\"async\" src=\"https:\/\/www.skiquebec.qc.ca\/Uploads\/Images%202022\/450_x_300_2.png\" width=\"306\" height=\"204\" \/><\/a><\/p>\n<p style=\"text-align: center;\">CJP R\u00e9sultats du classement<\/p>\n<div style=\"text-align: center;\"><span style=\"color: #0000ff;\"><strong><a href=\"https:\/\/alpinepoints.ca\/PRS\/SQA\/2024\/FCJP\/\">Circuit Femmes 2024<\/a><\/strong><\/span><\/div>\n<div style=\"text-align: center;\"><span style=\"color: #0000ff;\"><strong><a href=\"https:\/\/alpinepoints.ca\/PRS\/SQA\/2024\/HCJP\/\">Circuit Hommes 2024<\/a><\/strong><\/span><\/div>\n<p style=\"text-align: center;\">[\/et_pb_text][\/et_pb_column][et_pb_column type=\u00a0\u00bb2_5&Prime; _builder_version=\u00a0\u00bb3.25&Prime; background_color=\u00a0\u00bb#ffffff\u00a0\u00bb custom_padding=\u00a0\u00bb|3%||\u00a0\u00bb custom_padding_tablet=\u00a0\u00bb11%|8%|11%|8%|true|true\u00a0\u00bb custom_padding_phone=\u00a0\u00bb12%|8%|12%|8%|true|true\u00a0\u00bb custom_padding_last_edited=\u00a0\u00bbon|tablet\u00a0\u00bb custom_padding__hover=\u00a0\u00bb|||\u00a0\u00bb][et_pb_sidebar area=\u00a0\u00bbet_pb_widget_area_3&Prime; _builder_version=\u00a0\u00bb4.9.4&Prime; _module_preset=\u00a0\u00bbdefault\u00a0\u00bb][\/et_pb_sidebar][\/et_pb_column][\/et_pb_row][\/et_pb_section]<\/p>\n","protected":false},"excerpt":{"rendered":"<p>[et_pb_section fb_built=\u00a0\u00bb1&Prime; admin_label=\u00a0\u00bbHero\u00a0\u00bb _builder_version=\u00a0\u00bb4.9.7&Prime; _module_preset=\u00a0\u00bbd696f5f8-1cad-4b1e-802e-64987bcca1c4&Prime; use_background_color_gradient=\u00a0\u00bbon\u00a0\u00bb background_color_gradient_start=\u00a0\u00bbrgba(17,17,17,0.82)\u00a0\u00bb background_color_gradient_end=\u00a0\u00bbrgba(17,17,17,0.11)\u00a0\u00bb background_color_gradient_direction=\u00a0\u00bb90deg\u00a0\u00bb background_color_gradient_overlays_image=\u00a0\u00bbon\u00a0\u00bb background_image=\u00a0\u00bbhttps:\/\/campfortuneskiclub.org\/wp-content\/uploads\/2022\/02\/17-3-scaled.jpg\u00a0\u00bb custom_padding=\u00a0\u00bb160px||0px||false|false\u00a0\u00bb bottom_divider_style=\u00a0\u00bbslant\u00a0\u00bb bottom_divider_color=\u00a0\u00bb#ffffff\u00a0\u00bb bottom_divider_flip=\u00a0\u00bbvertical\u00a0\u00bb locked=\u00a0\u00bboff\u00a0\u00bb][et_pb_row column_structure=\u00a0\u00bb3_4,1_4&Prime; _builder_version=\u00a0\u00bb4.9.7&Prime; background_size=\u00a0\u00bbinitial\u00a0\u00bb background_position=\u00a0\u00bbtop_left\u00a0\u00bb background_repeat=\u00a0\u00bbrepeat\u00a0\u00bb custom_padding=\u00a0\u00bb27px|0px|0px|0px\u00a0\u00bb][et_pb_column type=\u00a0\u00bb3_4&Prime; _builder_version=\u00a0\u00bb4.9.7&Prime; custom_padding=\u00a0\u00bb|||\u00a0\u00bb custom_padding__hover=\u00a0\u00bb|||\u00a0\u00bb][et_pb_text admin_label=\u00a0\u00bbTitle\u00a0\u00bb _builder_version=\u00a0\u00bb4.9.7&Prime; text_font=\u00a0\u00bbMontserrat|700|||||||\u00a0\u00bb text_text_color=\u00a0\u00bb#FFFFFF\u00a0\u00bb text_font_size=\u00a0\u00bb18px\u00a0\u00bb custom_margin=\u00a0\u00bb||-94px||false|false\u00a0\u00bb custom_padding=\u00a0\u00bb||110px||false|false\u00a0\u00bb][\/et_pb_text][et_pb_text admin_label=\u00a0\u00bbTitle\u00a0\u00bb _builder_version=\u00a0\u00bb4.9.7&Prime; text_font=\u00a0\u00bbMontserrat|600|||||||\u00a0\u00bb text_text_color=\u00a0\u00bb#FFFFFF\u00a0\u00bb header_font=\u00a0\u00bbMontserrat|700|||||||\u00a0\u00bb header_text_color=\u00a0\u00bb#F67E20&Prime; custom_margin=\u00a0\u00bb||7px||false|false\u00a0\u00bb animation_speed_curve=\u00a0\u00bbease\u00a0\u00bb] PROGRAMME U18+ [\/et_pb_text][et_pb_dcsbcm_divi_breadcrumbs_module _builder_version=\u00a0\u00bb4.9.4&Prime; _module_preset=\u00a0\u00bbdefault\u00a0\u00bb body_font=\u00a0\u00bbOpen Sans|700||on|||||\u00a0\u00bb body_text_color=\u00a0\u00bb#FFFFFF\u00a0\u00bb body_font_size=\u00a0\u00bb18px\u00a0\u00bb animation_style=\u00a0\u00bbzoom\u00a0\u00bb animation_direction=\u00a0\u00bbleft\u00a0\u00bb][\/et_pb_dcsbcm_divi_breadcrumbs_module][et_pb_divider color=\u00a0\u00bbrgba(255,255,255,0.7)\u00a0\u00bb divider_weight=\u00a0\u00bb3px\u00a0\u00bb _builder_version=\u00a0\u00bb4.9.4&Prime; [&hellip;]<\/p>\n","protected":false},"author":1,"featured_media":0,"parent":238525,"menu_order":0,"comment_status":"closed","ping_status":"closed","template":"","meta":{"_et_pb_use_builder":"on","_et_pb_old_content":"","_et_gb_content_width":"","footnotes":""},"class_list":["post-238542","page","type-page","status-publish","hentry"],"yoast_head":"<!-- This site is optimized with the Yoast SEO plugin v27.2 - https:\/\/yoast.com\/product\/yoast-seo-wordpress\/ -->\n<title>PROGRAMME U18+ - Camp Fortune Ski Club<\/title>\n<meta name=\"robots\" content=\"index, follow, max-snippet:-1, max-image-preview:large, max-video-preview:-1\" \/>\n<link rel=\"canonical\" href=\"https:\/\/campfortuneskiclub.org\/fr\/programmes\/programme-u18\/\" \/>\n<meta property=\"og:locale\" content=\"fr_FR\" \/>\n<meta property=\"og:type\" content=\"article\" \/>\n<meta property=\"og:title\" content=\"PROGRAMME U18+ - Camp Fortune Ski Club\" \/>\n<meta property=\"og:description\" content=\"[et_pb_section fb_built=\u00a0\u00bb1&Prime; admin_label=\u00a0\u00bbHero\u00a0\u00bb _builder_version=\u00a0\u00bb4.9.7&Prime; _module_preset=\u00a0\u00bbd696f5f8-1cad-4b1e-802e-64987bcca1c4&Prime; use_background_color_gradient=\u00a0\u00bbon\u00a0\u00bb background_color_gradient_start=\u00a0\u00bbrgba(17,17,17,0.82)\u00a0\u00bb background_color_gradient_end=\u00a0\u00bbrgba(17,17,17,0.11)\u00a0\u00bb background_color_gradient_direction=\u00a0\u00bb90deg\u00a0\u00bb background_color_gradient_overlays_image=\u00a0\u00bbon\u00a0\u00bb background_image=\u00a0\u00bbhttps:\/\/campfortuneskiclub.org\/wp-content\/uploads\/2022\/02\/17-3-scaled.jpg\u00a0\u00bb custom_padding=\u00a0\u00bb160px||0px||false|false\u00a0\u00bb bottom_divider_style=\u00a0\u00bbslant\u00a0\u00bb bottom_divider_color=\u00a0\u00bb#ffffff\u00a0\u00bb bottom_divider_flip=\u00a0\u00bbvertical\u00a0\u00bb locked=\u00a0\u00bboff\u00a0\u00bb][et_pb_row column_structure=\u00a0\u00bb3_4,1_4&Prime; _builder_version=\u00a0\u00bb4.9.7&Prime; background_size=\u00a0\u00bbinitial\u00a0\u00bb background_position=\u00a0\u00bbtop_left\u00a0\u00bb background_repeat=\u00a0\u00bbrepeat\u00a0\u00bb custom_padding=\u00a0\u00bb27px|0px|0px|0px\u00a0\u00bb][et_pb_column type=\u00a0\u00bb3_4&Prime; _builder_version=\u00a0\u00bb4.9.7&Prime; custom_padding=\u00a0\u00bb|||\u00a0\u00bb custom_padding__hover=\u00a0\u00bb|||\u00a0\u00bb][et_pb_text admin_label=\u00a0\u00bbTitle\u00a0\u00bb _builder_version=\u00a0\u00bb4.9.7&Prime; text_font=\u00a0\u00bbMontserrat|700|||||||\u00a0\u00bb text_text_color=\u00a0\u00bb#FFFFFF\u00a0\u00bb text_font_size=\u00a0\u00bb18px\u00a0\u00bb custom_margin=\u00a0\u00bb||-94px||false|false\u00a0\u00bb custom_padding=\u00a0\u00bb||110px||false|false\u00a0\u00bb][\/et_pb_text][et_pb_text admin_label=\u00a0\u00bbTitle\u00a0\u00bb _builder_version=\u00a0\u00bb4.9.7&Prime; text_font=\u00a0\u00bbMontserrat|600|||||||\u00a0\u00bb text_text_color=\u00a0\u00bb#FFFFFF\u00a0\u00bb header_font=\u00a0\u00bbMontserrat|700|||||||\u00a0\u00bb header_text_color=\u00a0\u00bb#F67E20&Prime; custom_margin=\u00a0\u00bb||7px||false|false\u00a0\u00bb animation_speed_curve=\u00a0\u00bbease\u00a0\u00bb] PROGRAMME U18+ [\/et_pb_text][et_pb_dcsbcm_divi_breadcrumbs_module _builder_version=\u00a0\u00bb4.9.4&Prime; _module_preset=\u00a0\u00bbdefault\u00a0\u00bb body_font=\u00a0\u00bbOpen Sans|700||on|||||\u00a0\u00bb body_text_color=\u00a0\u00bb#FFFFFF\u00a0\u00bb body_font_size=\u00a0\u00bb18px\u00a0\u00bb animation_style=\u00a0\u00bbzoom\u00a0\u00bb animation_direction=\u00a0\u00bbleft\u00a0\u00bb][\/et_pb_dcsbcm_divi_breadcrumbs_module][et_pb_divider color=\u00a0\u00bbrgba(255,255,255,0.7)\u00a0\u00bb divider_weight=\u00a0\u00bb3px\u00a0\u00bb _builder_version=\u00a0\u00bb4.9.4&Prime; [&hellip;]\" \/>\n<meta property=\"og:url\" content=\"https:\/\/campfortuneskiclub.org\/fr\/programmes\/programme-u18\/\" \/>\n<meta property=\"og:site_name\" content=\"Camp Fortune Ski Club\" \/>\n<meta property=\"article:modified_time\" content=\"2025-05-31T12:56:53+00:00\" \/>\n<meta property=\"og:image\" content=\"https:\/\/www.skiquebec.qc.ca\/Uploads\/Images%202022\/450_x_300_2.png\" \/>\n<meta name=\"twitter:card\" content=\"summary_large_image\" \/>\n<meta name=\"twitter:label1\" content=\"Dur\u00e9e de lecture estim\u00e9e\" \/>\n\t<meta name=\"twitter:data1\" content=\"1 minute\" \/>\n<script type=\"application\/ld+json\" class=\"yoast-schema-graph\">{\"@context\":\"https:\/\/schema.org\",\"@graph\":[{\"@type\":\"WebPage\",\"@id\":\"https:\/\/campfortuneskiclub.org\/fr\/programmes\/programme-u18\/\",\"url\":\"https:\/\/campfortuneskiclub.org\/fr\/programmes\/programme-u18\/\",\"name\":\"PROGRAMME U18+ - Camp Fortune Ski Club\",\"isPartOf\":{\"@id\":\"https:\/\/campfortuneskiclub.org\/#website\"},\"primaryImageOfPage\":{\"@id\":\"https:\/\/campfortuneskiclub.org\/fr\/programmes\/programme-u18\/#primaryimage\"},\"image\":{\"@id\":\"https:\/\/campfortuneskiclub.org\/fr\/programmes\/programme-u18\/#primaryimage\"},\"thumbnailUrl\":\"https:\/\/www.skiquebec.qc.ca\/Uploads\/Images%202022\/450_x_300_2.png\",\"datePublished\":\"2021-07-13T15:16:39+00:00\",\"dateModified\":\"2025-05-31T12:56:53+00:00\",\"breadcrumb\":{\"@id\":\"https:\/\/campfortuneskiclub.org\/fr\/programmes\/programme-u18\/#breadcrumb\"},\"inLanguage\":\"fr-FR\",\"potentialAction\":[{\"@type\":\"ReadAction\",\"target\":[\"https:\/\/campfortuneskiclub.org\/fr\/programmes\/programme-u18\/\"]}]},{\"@type\":\"ImageObject\",\"inLanguage\":\"fr-FR\",\"@id\":\"https:\/\/campfortuneskiclub.org\/fr\/programmes\/programme-u18\/#primaryimage\",\"url\":\"https:\/\/www.skiquebec.qc.ca\/Uploads\/Images%202022\/450_x_300_2.png\",\"contentUrl\":\"https:\/\/www.skiquebec.qc.ca\/Uploads\/Images%202022\/450_x_300_2.png\"},{\"@type\":\"BreadcrumbList\",\"@id\":\"https:\/\/campfortuneskiclub.org\/fr\/programmes\/programme-u18\/#breadcrumb\",\"itemListElement\":[{\"@type\":\"ListItem\",\"position\":1,\"name\":\"Home\",\"item\":\"https:\/\/campfortuneskiclub.org\/fr\/\"},{\"@type\":\"ListItem\",\"position\":2,\"name\":\"Programmes\",\"item\":\"https:\/\/campfortuneskiclub.org\/fr\/programmes\/\"},{\"@type\":\"ListItem\",\"position\":3,\"name\":\"PROGRAMME U18+\"}]},{\"@type\":\"WebSite\",\"@id\":\"https:\/\/campfortuneskiclub.org\/#website\",\"url\":\"https:\/\/campfortuneskiclub.org\/\",\"name\":\"Camp Fortune Ski Club\",\"description\":\"Ski Racing Ottawa-Gatineau\",\"potentialAction\":[{\"@type\":\"SearchAction\",\"target\":{\"@type\":\"EntryPoint\",\"urlTemplate\":\"https:\/\/campfortuneskiclub.org\/?s={search_term_string}\"},\"query-input\":{\"@type\":\"PropertyValueSpecification\",\"valueRequired\":true,\"valueName\":\"search_term_string\"}}],\"inLanguage\":\"fr-FR\"}]}<\/script>\n<!-- \/ Yoast SEO plugin. -->","yoast_head_json":{"title":"PROGRAMME U18+ - Camp Fortune Ski Club","robots":{"index":"index","follow":"follow","max-snippet":"max-snippet:-1","max-image-preview":"max-image-preview:large","max-video-preview":"max-video-preview:-1"},"canonical":"https:\/\/campfortuneskiclub.org\/fr\/programmes\/programme-u18\/","og_locale":"fr_FR","og_type":"article","og_title":"PROGRAMME U18+ - Camp Fortune Ski Club","og_description":"[et_pb_section fb_built=\u00a0\u00bb1&Prime; admin_label=\u00a0\u00bbHero\u00a0\u00bb _builder_version=\u00a0\u00bb4.9.7&Prime; _module_preset=\u00a0\u00bbd696f5f8-1cad-4b1e-802e-64987bcca1c4&Prime; use_background_color_gradient=\u00a0\u00bbon\u00a0\u00bb background_color_gradient_start=\u00a0\u00bbrgba(17,17,17,0.82)\u00a0\u00bb background_color_gradient_end=\u00a0\u00bbrgba(17,17,17,0.11)\u00a0\u00bb background_color_gradient_direction=\u00a0\u00bb90deg\u00a0\u00bb background_color_gradient_overlays_image=\u00a0\u00bbon\u00a0\u00bb background_image=\u00a0\u00bbhttps:\/\/campfortuneskiclub.org\/wp-content\/uploads\/2022\/02\/17-3-scaled.jpg\u00a0\u00bb custom_padding=\u00a0\u00bb160px||0px||false|false\u00a0\u00bb bottom_divider_style=\u00a0\u00bbslant\u00a0\u00bb bottom_divider_color=\u00a0\u00bb#ffffff\u00a0\u00bb bottom_divider_flip=\u00a0\u00bbvertical\u00a0\u00bb locked=\u00a0\u00bboff\u00a0\u00bb][et_pb_row column_structure=\u00a0\u00bb3_4,1_4&Prime; _builder_version=\u00a0\u00bb4.9.7&Prime; background_size=\u00a0\u00bbinitial\u00a0\u00bb background_position=\u00a0\u00bbtop_left\u00a0\u00bb background_repeat=\u00a0\u00bbrepeat\u00a0\u00bb custom_padding=\u00a0\u00bb27px|0px|0px|0px\u00a0\u00bb][et_pb_column type=\u00a0\u00bb3_4&Prime; _builder_version=\u00a0\u00bb4.9.7&Prime; custom_padding=\u00a0\u00bb|||\u00a0\u00bb custom_padding__hover=\u00a0\u00bb|||\u00a0\u00bb][et_pb_text admin_label=\u00a0\u00bbTitle\u00a0\u00bb _builder_version=\u00a0\u00bb4.9.7&Prime; text_font=\u00a0\u00bbMontserrat|700|||||||\u00a0\u00bb text_text_color=\u00a0\u00bb#FFFFFF\u00a0\u00bb text_font_size=\u00a0\u00bb18px\u00a0\u00bb custom_margin=\u00a0\u00bb||-94px||false|false\u00a0\u00bb custom_padding=\u00a0\u00bb||110px||false|false\u00a0\u00bb][\/et_pb_text][et_pb_text admin_label=\u00a0\u00bbTitle\u00a0\u00bb _builder_version=\u00a0\u00bb4.9.7&Prime; text_font=\u00a0\u00bbMontserrat|600|||||||\u00a0\u00bb text_text_color=\u00a0\u00bb#FFFFFF\u00a0\u00bb header_font=\u00a0\u00bbMontserrat|700|||||||\u00a0\u00bb header_text_color=\u00a0\u00bb#F67E20&Prime; custom_margin=\u00a0\u00bb||7px||false|false\u00a0\u00bb animation_speed_curve=\u00a0\u00bbease\u00a0\u00bb] PROGRAMME U18+ [\/et_pb_text][et_pb_dcsbcm_divi_breadcrumbs_module _builder_version=\u00a0\u00bb4.9.4&Prime; _module_preset=\u00a0\u00bbdefault\u00a0\u00bb body_font=\u00a0\u00bbOpen Sans|700||on|||||\u00a0\u00bb body_text_color=\u00a0\u00bb#FFFFFF\u00a0\u00bb body_font_size=\u00a0\u00bb18px\u00a0\u00bb animation_style=\u00a0\u00bbzoom\u00a0\u00bb animation_direction=\u00a0\u00bbleft\u00a0\u00bb][\/et_pb_dcsbcm_divi_breadcrumbs_module][et_pb_divider color=\u00a0\u00bbrgba(255,255,255,0.7)\u00a0\u00bb divider_weight=\u00a0\u00bb3px\u00a0\u00bb _builder_version=\u00a0\u00bb4.9.4&Prime; [&hellip;]","og_url":"https:\/\/campfortuneskiclub.org\/fr\/programmes\/programme-u18\/","og_site_name":"Camp Fortune Ski Club","article_modified_time":"2025-05-31T12:56:53+00:00","og_image":[{"url":"https:\/\/www.skiquebec.qc.ca\/Uploads\/Images%202022\/450_x_300_2.png","type":"","width":"","height":""}],"twitter_card":"summary_large_image","twitter_misc":{"Dur\u00e9e de lecture estim\u00e9e":"1 minute"},"schema":{"@context":"https:\/\/schema.org","@graph":[{"@type":"WebPage","@id":"https:\/\/campfortuneskiclub.org\/fr\/programmes\/programme-u18\/","url":"https:\/\/campfortuneskiclub.org\/fr\/programmes\/programme-u18\/","name":"PROGRAMME U18+ - Camp Fortune Ski Club","isPartOf":{"@id":"https:\/\/campfortuneskiclub.org\/#website"},"primaryImageOfPage":{"@id":"https:\/\/campfortuneskiclub.org\/fr\/programmes\/programme-u18\/#primaryimage"},"image":{"@id":"https:\/\/campfortuneskiclub.org\/fr\/programmes\/programme-u18\/#primaryimage"},"thumbnailUrl":"https:\/\/www.skiquebec.qc.ca\/Uploads\/Images%202022\/450_x_300_2.png","datePublished":"2021-07-13T15:16:39+00:00","dateModified":"2025-05-31T12:56:53+00:00","breadcrumb":{"@id":"https:\/\/campfortuneskiclub.org\/fr\/programmes\/programme-u18\/#breadcrumb"},"inLanguage":"fr-FR","potentialAction":[{"@type":"ReadAction","target":["https:\/\/campfortuneskiclub.org\/fr\/programmes\/programme-u18\/"]}]},{"@type":"ImageObject","inLanguage":"fr-FR","@id":"https:\/\/campfortuneskiclub.org\/fr\/programmes\/programme-u18\/#primaryimage","url":"https:\/\/www.skiquebec.qc.ca\/Uploads\/Images%202022\/450_x_300_2.png","contentUrl":"https:\/\/www.skiquebec.qc.ca\/Uploads\/Images%202022\/450_x_300_2.png"},{"@type":"BreadcrumbList","@id":"https:\/\/campfortuneskiclub.org\/fr\/programmes\/programme-u18\/#breadcrumb","itemListElement":[{"@type":"ListItem","position":1,"name":"Home","item":"https:\/\/campfortuneskiclub.org\/fr\/"},{"@type":"ListItem","position":2,"name":"Programmes","item":"https:\/\/campfortuneskiclub.org\/fr\/programmes\/"},{"@type":"ListItem","position":3,"name":"PROGRAMME U18+"}]},{"@type":"WebSite","@id":"https:\/\/campfortuneskiclub.org\/#website","url":"https:\/\/campfortuneskiclub.org\/","name":"Camp Fortune Ski Club","description":"Ski Racing Ottawa-Gatineau","potentialAction":[{"@type":"SearchAction","target":{"@type":"EntryPoint","urlTemplate":"https:\/\/campfortuneskiclub.org\/?s={search_term_string}"},"query-input":{"@type":"PropertyValueSpecification","valueRequired":true,"valueName":"search_term_string"}}],"inLanguage":"fr-FR"}]}},"_links":{"self":[{"href":"https:\/\/campfortuneskiclub.org\/fr\/wp-json\/wp\/v2\/pages\/238542","targetHints":{"allow":["GET"]}}],"collection":[{"href":"https:\/\/campfortuneskiclub.org\/fr\/wp-json\/wp\/v2\/pages"}],"about":[{"href":"https:\/\/campfortuneskiclub.org\/fr\/wp-json\/wp\/v2\/types\/page"}],"author":[{"embeddable":true,"href":"https:\/\/campfortuneskiclub.org\/fr\/wp-json\/wp\/v2\/users\/1"}],"replies":[{"embeddable":true,"href":"https:\/\/campfortuneskiclub.org\/fr\/wp-json\/wp\/v2\/comments?post=238542"}],"version-history":[{"count":23,"href":"https:\/\/campfortuneskiclub.org\/fr\/wp-json\/wp\/v2\/pages\/238542\/revisions"}],"predecessor-version":[{"id":240465,"href":"https:\/\/campfortuneskiclub.org\/fr\/wp-json\/wp\/v2\/pages\/238542\/revisions\/240465"}],"up":[{"embeddable":true,"href":"https:\/\/campfortuneskiclub.org\/fr\/wp-json\/wp\/v2\/pages\/238525"}],"wp:attachment":[{"href":"https:\/\/campfortuneskiclub.org\/fr\/wp-json\/wp\/v2\/media?parent=238542"}],"curies":[{"name":"wp","href":"https:\/\/api.w.org\/{rel}","templated":true}]}}