{"id":238696,"date":"2021-07-13T18:53:54","date_gmt":"2021-07-13T18:53:54","guid":{"rendered":"https:\/\/campfortuneskiclub.org\/?page_id=238696"},"modified":"2023-03-07T19:58:44","modified_gmt":"2023-03-07T19:58:44","slug":"camp-gs-de-mi-saison","status":"publish","type":"page","link":"https:\/\/campfortuneskiclub.org\/fr\/programmes\/programmes-dentrainement-avances\/camp-gs-de-mi-saison\/","title":{"rendered":"Camp GS de mi-saison"},"content":{"rendered":"<p>[et_pb_section fb_built=\u00a0\u00bb1&Prime; admin_label=\u00a0\u00bbHero\u00a0\u00bb _builder_version=\u00a0\u00bb4.9.7&Prime; _module_preset=\u00a0\u00bbd696f5f8-1cad-4b1e-802e-64987bcca1c4&Prime; use_background_color_gradient=\u00a0\u00bbon\u00a0\u00bb background_color_gradient_start=\u00a0\u00bbrgba(17,17,17,0.82)\u00a0\u00bb background_color_gradient_end=\u00a0\u00bbrgba(17,17,17,0.11)\u00a0\u00bb background_color_gradient_direction=\u00a0\u00bb90deg\u00a0\u00bb background_color_gradient_overlays_image=\u00a0\u00bbon\u00a0\u00bb background_image=\u00a0\u00bbhttps:\/\/campfortuneskiclub.org\/wp-content\/uploads\/2021\/06\/U10slider-1-scaled.jpg\u00a0\u00bb custom_padding=\u00a0\u00bb160px||0px||false|false\u00a0\u00bb bottom_divider_style=\u00a0\u00bbslant\u00a0\u00bb bottom_divider_color=\u00a0\u00bb#ffffff\u00a0\u00bb bottom_divider_flip=\u00a0\u00bbvertical\u00a0\u00bb locked=\u00a0\u00bboff\u00a0\u00bb][et_pb_row column_structure=\u00a0\u00bb3_4,1_4&Prime; _builder_version=\u00a0\u00bb4.9.4&Prime; background_size=\u00a0\u00bbinitial\u00a0\u00bb background_position=\u00a0\u00bbtop_left\u00a0\u00bb background_repeat=\u00a0\u00bbrepeat\u00a0\u00bb custom_padding=\u00a0\u00bb27px|0px|0px|0px\u00a0\u00bb][et_pb_column type=\u00a0\u00bb3_4&Prime; _builder_version=\u00a0\u00bb4.9.4&Prime; custom_padding=\u00a0\u00bb|||\u00a0\u00bb custom_padding__hover=\u00a0\u00bb|||\u00a0\u00bb][et_pb_text admin_label=\u00a0\u00bbTitle\u00a0\u00bb _builder_version=\u00a0\u00bb4.9.4&Prime; text_font=\u00a0\u00bbMontserrat|600|||||||\u00a0\u00bb text_text_color=\u00a0\u00bb#FFFFFF\u00a0\u00bb header_font=\u00a0\u00bbMontserrat|700|||||||\u00a0\u00bb header_text_color=\u00a0\u00bb#F67E20&Prime; custom_margin=\u00a0\u00bb||7px||false|false\u00a0\u00bb][\/et_pb_text][et_pb_text admin_label=\u00a0\u00bbTitle\u00a0\u00bb _builder_version=\u00a0\u00bb4.9.7&Prime; text_font=\u00a0\u00bbMontserrat|600|||||||\u00a0\u00bb text_text_color=\u00a0\u00bb#FFFFFF\u00a0\u00bb header_font=\u00a0\u00bbMontserrat|700|||||||\u00a0\u00bb header_text_color=\u00a0\u00bb#F67E20&Prime; custom_margin=\u00a0\u00bb||7px||false|false\u00a0\u00bb animation_speed_curve=\u00a0\u00bbease\u00a0\u00bb]<\/p>\n<h1>CAMPS DE MI-SAISON MINI ET VITESSE (GS,SG)<\/h1>\n<p>[\/et_pb_text][et_pb_dcsbcm_divi_breadcrumbs_module _builder_version=\u00a0\u00bb4.9.4&Prime; _module_preset=\u00a0\u00bbdefault\u00a0\u00bb body_font=\u00a0\u00bbOpen Sans|700||on|||||\u00a0\u00bb body_text_color=\u00a0\u00bb#FFFFFF\u00a0\u00bb body_font_size=\u00a0\u00bb18px\u00a0\u00bb animation_style=\u00a0\u00bbzoom\u00a0\u00bb animation_direction=\u00a0\u00bbleft\u00a0\u00bb][\/et_pb_dcsbcm_divi_breadcrumbs_module][et_pb_divider color=\u00a0\u00bbrgba(255,255,255,0.7)\u00a0\u00bb divider_weight=\u00a0\u00bb3px\u00a0\u00bb _builder_version=\u00a0\u00bb4.9.4&Prime; max_width=\u00a0\u00bb120px\u00a0\u00bb animation_style=\u00a0\u00bbzoom\u00a0\u00bb animation_direction=\u00a0\u00bbleft\u00a0\u00bb animation_intensity_zoom=\u00a0\u00bb10%\u00a0\u00bb][\/et_pb_divider][et_pb_button button_url=\u00a0\u00bbhttps:\/\/campfortuneskiclub.org\/fr\/programmes\/\u00a0\u00bb button_text=\u00a0\u00bbprogrammes\u00a0\u00bb _builder_version=\u00a0\u00bb4.9.7&Prime; _module_preset=\u00a0\u00bbdefault\u00a0\u00bb button_font=\u00a0\u00bbMontserrat|700||on|||||\u00a0\u00bb custom_margin=\u00a0\u00bb150px||||false|false\u00a0\u00bb custom_margin_tablet=\u00a0\u00bb\u00a0\u00bb custom_margin_phone=\u00a0\u00bb0px||||false|false\u00a0\u00bb custom_margin_last_edited=\u00a0\u00bbon|phone\u00a0\u00bb custom_padding=\u00a0\u00bb20px|60px|20px|40px|true|false\u00a0\u00bb button_bg_color__hover_enabled=\u00a0\u00bboff\u00a0\u00bb button_border_color__hover_enabled=\u00a0\u00bboff\u00a0\u00bb button_text_size__hover_enabled=\u00a0\u00bboff\u00a0\u00bb button_one_text_size__hover_enabled=\u00a0\u00bboff\u00a0\u00bb button_two_text_size__hover_enabled=\u00a0\u00bboff\u00a0\u00bb button_text_color__hover_enabled=\u00a0\u00bboff\u00a0\u00bb button_one_text_color__hover_enabled=\u00a0\u00bboff\u00a0\u00bb button_two_text_color__hover_enabled=\u00a0\u00bboff\u00a0\u00bb button_border_width__hover_enabled=\u00a0\u00bboff\u00a0\u00bb button_one_border_width__hover_enabled=\u00a0\u00bboff\u00a0\u00bb button_two_border_width__hover_enabled=\u00a0\u00bboff\u00a0\u00bb button_one_border_color__hover_enabled=\u00a0\u00bboff\u00a0\u00bb button_two_border_color__hover_enabled=\u00a0\u00bboff\u00a0\u00bb button_border_radius__hover_enabled=\u00a0\u00bboff\u00a0\u00bb button_one_border_radius__hover_enabled=\u00a0\u00bboff\u00a0\u00bb button_two_border_radius__hover_enabled=\u00a0\u00bboff\u00a0\u00bb button_letter_spacing__hover_enabled=\u00a0\u00bboff\u00a0\u00bb button_one_letter_spacing__hover_enabled=\u00a0\u00bboff\u00a0\u00bb button_two_letter_spacing__hover_enabled=\u00a0\u00bboff\u00a0\u00bb button_one_bg_color__hover_enabled=\u00a0\u00bboff\u00a0\u00bb button_two_bg_color__hover_enabled=\u00a0\u00bboff\u00a0\u00bb button_bg_color__hover=\u00a0\u00bbrgba(95,26,109,0.8)\u00a0\u00bb button_border_color__hover=\u00a0\u00bbrgba(95,26,109,0.8)\u00a0\u00bb][\/et_pb_button][\/et_pb_column][et_pb_column type=\u00a0\u00bb1_4&Prime; _builder_version=\u00a0\u00bb3.25&Prime; custom_padding=\u00a0\u00bb|||\u00a0\u00bb custom_padding__hover=\u00a0\u00bb|||\u00a0\u00bb][\/et_pb_column][\/et_pb_row][\/et_pb_section][et_pb_section fb_built=\u00a0\u00bb1&Prime; next_background_color=\u00a0\u00bb#000000&Prime; _builder_version=\u00a0\u00bb4.9.7&Prime; _module_preset=\u00a0\u00bbdefault\u00a0\u00bb background_color=\u00a0\u00bb#FFFFFF\u00a0\u00bb background_enable_color=\u00a0\u00bbon\u00a0\u00bb custom_margin=\u00a0\u00bb||-126px|||\u00a0\u00bb custom_padding=\u00a0\u00bb80px|0px|80px|0px|true|false\u00a0\u00bb custom_padding_phone=\u00a0\u00bb50px||0px||false|false\u00a0\u00bb bottom_divider_style=\u00a0\u00bbnone\u00a0\u00bb animation_style=\u00a0\u00bbnone\u00a0\u00bb][et_pb_row _builder_version=\u00a0\u00bb4.9.7&Prime; _module_preset=\u00a0\u00bbdefault\u00a0\u00bb custom_padding=\u00a0\u00bb6px||5px|||\u00a0\u00bb][et_pb_column type=\u00a0\u00bb4_4&Prime; _builder_version=\u00a0\u00bb4.9.4&Prime; _module_preset=\u00a0\u00bbdefault\u00a0\u00bb][et_pb_text _builder_version=\u00a0\u00bb4.9.7&Prime; custom_margin=\u00a0\u00bb0px||||false|false\u00a0\u00bb hover_enabled=\u00a0\u00bb0&Prime; sticky_enabled=\u00a0\u00bb0&Prime;]<\/p>\n<h2><strong>CAMPS DE MI-SAISON MINI ET VITESSE (GS,SG)<\/strong><\/h2>\n<p>L&rsquo;objectif de ces camps est d&rsquo;obtenir un volume \u00e9lev\u00e9 de ski et d&rsquo;augmenter l&rsquo;intensit\u00e9 tout au long du camp pour les athl\u00e8tes des cat\u00e9gories U14 et U16. En cons\u00e9quence, les athl\u00e8tes auront la possibilit\u00e9 de consolider le d\u00e9veloppement de leurs comp\u00e9tences.<\/p>\n<p>Sous la direction de l&rsquo;entra\u00eeneur principal, des possibilit\u00e9s seront explor\u00e9es pour les athl\u00e8tes U12 de participer \u00e0 un mini-camp au milieu de la saison.<\/p>\n<p>Tous les d\u00e9tails concernant les mini-camps et les camps de vitesse de mi-saison (GS, SG) seront communiqu\u00e9s par les entra\u00eeneurs principaux aux athl\u00e8tes et aux familles.<\/p>\n<p><strong style=\"font-size: 16px;\">Dates:<\/strong><span style=\"font-size: 16px;\"> Janvier \/ F\u00e9vrier (TBD)<\/span><\/p>\n<p><span style=\"font-size: 16px;\">*Gardez un \u0153il sur le calendrier de la saison du Master<\/span><\/p>\n<p><span style=\"font-size: 16px;\"><\/span><\/p>\n<p><span style=\"font-size: 16px;\"><\/span><\/p>\n<p>&nbsp;<\/p>\n<p>[\/et_pb_text][\/et_pb_column][\/et_pb_row][\/et_pb_section]<\/p>\n","protected":false},"excerpt":{"rendered":"<p>[et_pb_section fb_built=\u00a0\u00bb1&Prime; admin_label=\u00a0\u00bbHero\u00a0\u00bb _builder_version=\u00a0\u00bb4.9.7&Prime; _module_preset=\u00a0\u00bbd696f5f8-1cad-4b1e-802e-64987bcca1c4&Prime; use_background_color_gradient=\u00a0\u00bbon\u00a0\u00bb background_color_gradient_start=\u00a0\u00bbrgba(17,17,17,0.82)\u00a0\u00bb background_color_gradient_end=\u00a0\u00bbrgba(17,17,17,0.11)\u00a0\u00bb background_color_gradient_direction=\u00a0\u00bb90deg\u00a0\u00bb background_color_gradient_overlays_image=\u00a0\u00bbon\u00a0\u00bb background_image=\u00a0\u00bbhttps:\/\/campfortuneskiclub.org\/wp-content\/uploads\/2021\/06\/U10slider-1-scaled.jpg\u00a0\u00bb custom_padding=\u00a0\u00bb160px||0px||false|false\u00a0\u00bb bottom_divider_style=\u00a0\u00bbslant\u00a0\u00bb bottom_divider_color=\u00a0\u00bb#ffffff\u00a0\u00bb bottom_divider_flip=\u00a0\u00bbvertical\u00a0\u00bb locked=\u00a0\u00bboff\u00a0\u00bb][et_pb_row column_structure=\u00a0\u00bb3_4,1_4&Prime; _builder_version=\u00a0\u00bb4.9.4&Prime; background_size=\u00a0\u00bbinitial\u00a0\u00bb background_position=\u00a0\u00bbtop_left\u00a0\u00bb background_repeat=\u00a0\u00bbrepeat\u00a0\u00bb custom_padding=\u00a0\u00bb27px|0px|0px|0px\u00a0\u00bb][et_pb_column type=\u00a0\u00bb3_4&Prime; _builder_version=\u00a0\u00bb4.9.4&Prime; custom_padding=\u00a0\u00bb|||\u00a0\u00bb custom_padding__hover=\u00a0\u00bb|||\u00a0\u00bb][et_pb_text admin_label=\u00a0\u00bbTitle\u00a0\u00bb _builder_version=\u00a0\u00bb4.9.4&Prime; text_font=\u00a0\u00bbMontserrat|600|||||||\u00a0\u00bb text_text_color=\u00a0\u00bb#FFFFFF\u00a0\u00bb header_font=\u00a0\u00bbMontserrat|700|||||||\u00a0\u00bb header_text_color=\u00a0\u00bb#F67E20&Prime; custom_margin=\u00a0\u00bb||7px||false|false\u00a0\u00bb][\/et_pb_text][et_pb_text admin_label=\u00a0\u00bbTitle\u00a0\u00bb _builder_version=\u00a0\u00bb4.9.7&Prime; text_font=\u00a0\u00bbMontserrat|600|||||||\u00a0\u00bb text_text_color=\u00a0\u00bb#FFFFFF\u00a0\u00bb header_font=\u00a0\u00bbMontserrat|700|||||||\u00a0\u00bb header_text_color=\u00a0\u00bb#F67E20&Prime; custom_margin=\u00a0\u00bb||7px||false|false\u00a0\u00bb animation_speed_curve=\u00a0\u00bbease\u00a0\u00bb] CAMPS DE MI-SAISON MINI ET VITESSE (GS,SG) [\/et_pb_text][et_pb_dcsbcm_divi_breadcrumbs_module _builder_version=\u00a0\u00bb4.9.4&Prime; _module_preset=\u00a0\u00bbdefault\u00a0\u00bb body_font=\u00a0\u00bbOpen Sans|700||on|||||\u00a0\u00bb body_text_color=\u00a0\u00bb#FFFFFF\u00a0\u00bb body_font_size=\u00a0\u00bb18px\u00a0\u00bb [&hellip;]<\/p>\n","protected":false},"author":1,"featured_media":0,"parent":238548,"menu_order":0,"comment_status":"closed","ping_status":"closed","template":"","meta":{"_et_pb_use_builder":"on","_et_pb_old_content":"","_et_gb_content_width":"","footnotes":""},"class_list":["post-238696","page","type-page","status-publish","hentry"],"yoast_head":"<!-- This site is optimized with the Yoast SEO plugin v27.2 - https:\/\/yoast.com\/product\/yoast-seo-wordpress\/ -->\n<title>Camp GS de mi-saison - Camp Fortune Ski Club<\/title>\n<meta name=\"robots\" content=\"index, follow, max-snippet:-1, max-image-preview:large, max-video-preview:-1\" \/>\n<link rel=\"canonical\" href=\"https:\/\/campfortuneskiclub.org\/fr\/programmes\/programmes-dentrainement-avances\/camp-gs-de-mi-saison\/\" \/>\n<meta property=\"og:locale\" content=\"fr_FR\" \/>\n<meta property=\"og:type\" content=\"article\" \/>\n<meta property=\"og:title\" content=\"Camp GS de mi-saison - Camp Fortune Ski Club\" \/>\n<meta property=\"og:description\" content=\"[et_pb_section fb_built=\u00a0\u00bb1&Prime; admin_label=\u00a0\u00bbHero\u00a0\u00bb _builder_version=\u00a0\u00bb4.9.7&Prime; _module_preset=\u00a0\u00bbd696f5f8-1cad-4b1e-802e-64987bcca1c4&Prime; use_background_color_gradient=\u00a0\u00bbon\u00a0\u00bb background_color_gradient_start=\u00a0\u00bbrgba(17,17,17,0.82)\u00a0\u00bb background_color_gradient_end=\u00a0\u00bbrgba(17,17,17,0.11)\u00a0\u00bb background_color_gradient_direction=\u00a0\u00bb90deg\u00a0\u00bb background_color_gradient_overlays_image=\u00a0\u00bbon\u00a0\u00bb background_image=\u00a0\u00bbhttps:\/\/campfortuneskiclub.org\/wp-content\/uploads\/2021\/06\/U10slider-1-scaled.jpg\u00a0\u00bb custom_padding=\u00a0\u00bb160px||0px||false|false\u00a0\u00bb bottom_divider_style=\u00a0\u00bbslant\u00a0\u00bb bottom_divider_color=\u00a0\u00bb#ffffff\u00a0\u00bb bottom_divider_flip=\u00a0\u00bbvertical\u00a0\u00bb locked=\u00a0\u00bboff\u00a0\u00bb][et_pb_row column_structure=\u00a0\u00bb3_4,1_4&Prime; _builder_version=\u00a0\u00bb4.9.4&Prime; background_size=\u00a0\u00bbinitial\u00a0\u00bb background_position=\u00a0\u00bbtop_left\u00a0\u00bb background_repeat=\u00a0\u00bbrepeat\u00a0\u00bb custom_padding=\u00a0\u00bb27px|0px|0px|0px\u00a0\u00bb][et_pb_column type=\u00a0\u00bb3_4&Prime; _builder_version=\u00a0\u00bb4.9.4&Prime; custom_padding=\u00a0\u00bb|||\u00a0\u00bb custom_padding__hover=\u00a0\u00bb|||\u00a0\u00bb][et_pb_text admin_label=\u00a0\u00bbTitle\u00a0\u00bb _builder_version=\u00a0\u00bb4.9.4&Prime; text_font=\u00a0\u00bbMontserrat|600|||||||\u00a0\u00bb text_text_color=\u00a0\u00bb#FFFFFF\u00a0\u00bb header_font=\u00a0\u00bbMontserrat|700|||||||\u00a0\u00bb header_text_color=\u00a0\u00bb#F67E20&Prime; custom_margin=\u00a0\u00bb||7px||false|false\u00a0\u00bb][\/et_pb_text][et_pb_text admin_label=\u00a0\u00bbTitle\u00a0\u00bb _builder_version=\u00a0\u00bb4.9.7&Prime; text_font=\u00a0\u00bbMontserrat|600|||||||\u00a0\u00bb text_text_color=\u00a0\u00bb#FFFFFF\u00a0\u00bb header_font=\u00a0\u00bbMontserrat|700|||||||\u00a0\u00bb header_text_color=\u00a0\u00bb#F67E20&Prime; custom_margin=\u00a0\u00bb||7px||false|false\u00a0\u00bb animation_speed_curve=\u00a0\u00bbease\u00a0\u00bb] CAMPS DE MI-SAISON MINI ET VITESSE (GS,SG) [\/et_pb_text][et_pb_dcsbcm_divi_breadcrumbs_module _builder_version=\u00a0\u00bb4.9.4&Prime; _module_preset=\u00a0\u00bbdefault\u00a0\u00bb body_font=\u00a0\u00bbOpen Sans|700||on|||||\u00a0\u00bb body_text_color=\u00a0\u00bb#FFFFFF\u00a0\u00bb body_font_size=\u00a0\u00bb18px\u00a0\u00bb [&hellip;]\" \/>\n<meta property=\"og:url\" content=\"https:\/\/campfortuneskiclub.org\/fr\/programmes\/programmes-dentrainement-avances\/camp-gs-de-mi-saison\/\" \/>\n<meta property=\"og:site_name\" content=\"Camp Fortune Ski Club\" \/>\n<meta property=\"article:modified_time\" content=\"2023-03-07T19:58:44+00:00\" \/>\n<meta name=\"twitter:card\" content=\"summary_large_image\" \/>\n<meta name=\"twitter:label1\" content=\"Dur\u00e9e de lecture estim\u00e9e\" \/>\n\t<meta name=\"twitter:data1\" content=\"2 minutes\" \/>\n<script type=\"application\/ld+json\" class=\"yoast-schema-graph\">{\"@context\":\"https:\/\/schema.org\",\"@graph\":[{\"@type\":\"WebPage\",\"@id\":\"https:\/\/campfortuneskiclub.org\/fr\/programmes\/programmes-dentrainement-avances\/camp-gs-de-mi-saison\/\",\"url\":\"https:\/\/campfortuneskiclub.org\/fr\/programmes\/programmes-dentrainement-avances\/camp-gs-de-mi-saison\/\",\"name\":\"Camp GS de mi-saison - Camp Fortune Ski Club\",\"isPartOf\":{\"@id\":\"https:\/\/campfortuneskiclub.org\/#website\"},\"datePublished\":\"2021-07-13T18:53:54+00:00\",\"dateModified\":\"2023-03-07T19:58:44+00:00\",\"breadcrumb\":{\"@id\":\"https:\/\/campfortuneskiclub.org\/fr\/programmes\/programmes-dentrainement-avances\/camp-gs-de-mi-saison\/#breadcrumb\"},\"inLanguage\":\"fr-FR\",\"potentialAction\":[{\"@type\":\"ReadAction\",\"target\":[\"https:\/\/campfortuneskiclub.org\/fr\/programmes\/programmes-dentrainement-avances\/camp-gs-de-mi-saison\/\"]}]},{\"@type\":\"BreadcrumbList\",\"@id\":\"https:\/\/campfortuneskiclub.org\/fr\/programmes\/programmes-dentrainement-avances\/camp-gs-de-mi-saison\/#breadcrumb\",\"itemListElement\":[{\"@type\":\"ListItem\",\"position\":1,\"name\":\"Home\",\"item\":\"https:\/\/campfortuneskiclub.org\/fr\/\"},{\"@type\":\"ListItem\",\"position\":2,\"name\":\"Programmes\",\"item\":\"https:\/\/campfortuneskiclub.org\/fr\/programmes\/\"},{\"@type\":\"ListItem\",\"position\":3,\"name\":\"PROGRAMMES D\u2019ENTRA\u00ceNEMENT AVANC\u00c9S\",\"item\":\"https:\/\/campfortuneskiclub.org\/fr\/programmes\/programmes-dentrainement-avances\/\"},{\"@type\":\"ListItem\",\"position\":4,\"name\":\"Camp GS de mi-saison\"}]},{\"@type\":\"WebSite\",\"@id\":\"https:\/\/campfortuneskiclub.org\/#website\",\"url\":\"https:\/\/campfortuneskiclub.org\/\",\"name\":\"Camp Fortune Ski Club\",\"description\":\"Ski Racing Ottawa-Gatineau\",\"potentialAction\":[{\"@type\":\"SearchAction\",\"target\":{\"@type\":\"EntryPoint\",\"urlTemplate\":\"https:\/\/campfortuneskiclub.org\/?s={search_term_string}\"},\"query-input\":{\"@type\":\"PropertyValueSpecification\",\"valueRequired\":true,\"valueName\":\"search_term_string\"}}],\"inLanguage\":\"fr-FR\"}]}<\/script>\n<!-- \/ Yoast SEO plugin. -->","yoast_head_json":{"title":"Camp GS de mi-saison - Camp Fortune Ski Club","robots":{"index":"index","follow":"follow","max-snippet":"max-snippet:-1","max-image-preview":"max-image-preview:large","max-video-preview":"max-video-preview:-1"},"canonical":"https:\/\/campfortuneskiclub.org\/fr\/programmes\/programmes-dentrainement-avances\/camp-gs-de-mi-saison\/","og_locale":"fr_FR","og_type":"article","og_title":"Camp GS de mi-saison - Camp Fortune Ski Club","og_description":"[et_pb_section fb_built=\u00a0\u00bb1&Prime; admin_label=\u00a0\u00bbHero\u00a0\u00bb _builder_version=\u00a0\u00bb4.9.7&Prime; _module_preset=\u00a0\u00bbd696f5f8-1cad-4b1e-802e-64987bcca1c4&Prime; use_background_color_gradient=\u00a0\u00bbon\u00a0\u00bb background_color_gradient_start=\u00a0\u00bbrgba(17,17,17,0.82)\u00a0\u00bb background_color_gradient_end=\u00a0\u00bbrgba(17,17,17,0.11)\u00a0\u00bb background_color_gradient_direction=\u00a0\u00bb90deg\u00a0\u00bb background_color_gradient_overlays_image=\u00a0\u00bbon\u00a0\u00bb background_image=\u00a0\u00bbhttps:\/\/campfortuneskiclub.org\/wp-content\/uploads\/2021\/06\/U10slider-1-scaled.jpg\u00a0\u00bb custom_padding=\u00a0\u00bb160px||0px||false|false\u00a0\u00bb bottom_divider_style=\u00a0\u00bbslant\u00a0\u00bb bottom_divider_color=\u00a0\u00bb#ffffff\u00a0\u00bb bottom_divider_flip=\u00a0\u00bbvertical\u00a0\u00bb locked=\u00a0\u00bboff\u00a0\u00bb][et_pb_row column_structure=\u00a0\u00bb3_4,1_4&Prime; _builder_version=\u00a0\u00bb4.9.4&Prime; background_size=\u00a0\u00bbinitial\u00a0\u00bb background_position=\u00a0\u00bbtop_left\u00a0\u00bb background_repeat=\u00a0\u00bbrepeat\u00a0\u00bb custom_padding=\u00a0\u00bb27px|0px|0px|0px\u00a0\u00bb][et_pb_column type=\u00a0\u00bb3_4&Prime; _builder_version=\u00a0\u00bb4.9.4&Prime; custom_padding=\u00a0\u00bb|||\u00a0\u00bb custom_padding__hover=\u00a0\u00bb|||\u00a0\u00bb][et_pb_text admin_label=\u00a0\u00bbTitle\u00a0\u00bb _builder_version=\u00a0\u00bb4.9.4&Prime; text_font=\u00a0\u00bbMontserrat|600|||||||\u00a0\u00bb text_text_color=\u00a0\u00bb#FFFFFF\u00a0\u00bb header_font=\u00a0\u00bbMontserrat|700|||||||\u00a0\u00bb header_text_color=\u00a0\u00bb#F67E20&Prime; custom_margin=\u00a0\u00bb||7px||false|false\u00a0\u00bb][\/et_pb_text][et_pb_text admin_label=\u00a0\u00bbTitle\u00a0\u00bb _builder_version=\u00a0\u00bb4.9.7&Prime; text_font=\u00a0\u00bbMontserrat|600|||||||\u00a0\u00bb text_text_color=\u00a0\u00bb#FFFFFF\u00a0\u00bb header_font=\u00a0\u00bbMontserrat|700|||||||\u00a0\u00bb header_text_color=\u00a0\u00bb#F67E20&Prime; custom_margin=\u00a0\u00bb||7px||false|false\u00a0\u00bb animation_speed_curve=\u00a0\u00bbease\u00a0\u00bb] CAMPS DE MI-SAISON MINI ET VITESSE (GS,SG) [\/et_pb_text][et_pb_dcsbcm_divi_breadcrumbs_module _builder_version=\u00a0\u00bb4.9.4&Prime; _module_preset=\u00a0\u00bbdefault\u00a0\u00bb body_font=\u00a0\u00bbOpen Sans|700||on|||||\u00a0\u00bb body_text_color=\u00a0\u00bb#FFFFFF\u00a0\u00bb body_font_size=\u00a0\u00bb18px\u00a0\u00bb [&hellip;]","og_url":"https:\/\/campfortuneskiclub.org\/fr\/programmes\/programmes-dentrainement-avances\/camp-gs-de-mi-saison\/","og_site_name":"Camp Fortune Ski Club","article_modified_time":"2023-03-07T19:58:44+00:00","twitter_card":"summary_large_image","twitter_misc":{"Dur\u00e9e de lecture estim\u00e9e":"2 minutes"},"schema":{"@context":"https:\/\/schema.org","@graph":[{"@type":"WebPage","@id":"https:\/\/campfortuneskiclub.org\/fr\/programmes\/programmes-dentrainement-avances\/camp-gs-de-mi-saison\/","url":"https:\/\/campfortuneskiclub.org\/fr\/programmes\/programmes-dentrainement-avances\/camp-gs-de-mi-saison\/","name":"Camp GS de mi-saison - Camp Fortune Ski Club","isPartOf":{"@id":"https:\/\/campfortuneskiclub.org\/#website"},"datePublished":"2021-07-13T18:53:54+00:00","dateModified":"2023-03-07T19:58:44+00:00","breadcrumb":{"@id":"https:\/\/campfortuneskiclub.org\/fr\/programmes\/programmes-dentrainement-avances\/camp-gs-de-mi-saison\/#breadcrumb"},"inLanguage":"fr-FR","potentialAction":[{"@type":"ReadAction","target":["https:\/\/campfortuneskiclub.org\/fr\/programmes\/programmes-dentrainement-avances\/camp-gs-de-mi-saison\/"]}]},{"@type":"BreadcrumbList","@id":"https:\/\/campfortuneskiclub.org\/fr\/programmes\/programmes-dentrainement-avances\/camp-gs-de-mi-saison\/#breadcrumb","itemListElement":[{"@type":"ListItem","position":1,"name":"Home","item":"https:\/\/campfortuneskiclub.org\/fr\/"},{"@type":"ListItem","position":2,"name":"Programmes","item":"https:\/\/campfortuneskiclub.org\/fr\/programmes\/"},{"@type":"ListItem","position":3,"name":"PROGRAMMES D\u2019ENTRA\u00ceNEMENT AVANC\u00c9S","item":"https:\/\/campfortuneskiclub.org\/fr\/programmes\/programmes-dentrainement-avances\/"},{"@type":"ListItem","position":4,"name":"Camp GS de mi-saison"}]},{"@type":"WebSite","@id":"https:\/\/campfortuneskiclub.org\/#website","url":"https:\/\/campfortuneskiclub.org\/","name":"Camp Fortune Ski Club","description":"Ski Racing Ottawa-Gatineau","potentialAction":[{"@type":"SearchAction","target":{"@type":"EntryPoint","urlTemplate":"https:\/\/campfortuneskiclub.org\/?s={search_term_string}"},"query-input":{"@type":"PropertyValueSpecification","valueRequired":true,"valueName":"search_term_string"}}],"inLanguage":"fr-FR"}]}},"_links":{"self":[{"href":"https:\/\/campfortuneskiclub.org\/fr\/wp-json\/wp\/v2\/pages\/238696","targetHints":{"allow":["GET"]}}],"collection":[{"href":"https:\/\/campfortuneskiclub.org\/fr\/wp-json\/wp\/v2\/pages"}],"about":[{"href":"https:\/\/campfortuneskiclub.org\/fr\/wp-json\/wp\/v2\/types\/page"}],"author":[{"embeddable":true,"href":"https:\/\/campfortuneskiclub.org\/fr\/wp-json\/wp\/v2\/users\/1"}],"replies":[{"embeddable":true,"href":"https:\/\/campfortuneskiclub.org\/fr\/wp-json\/wp\/v2\/comments?post=238696"}],"version-history":[{"count":13,"href":"https:\/\/campfortuneskiclub.org\/fr\/wp-json\/wp\/v2\/pages\/238696\/revisions"}],"predecessor-version":[{"id":239803,"href":"https:\/\/campfortuneskiclub.org\/fr\/wp-json\/wp\/v2\/pages\/238696\/revisions\/239803"}],"up":[{"embeddable":true,"href":"https:\/\/campfortuneskiclub.org\/fr\/wp-json\/wp\/v2\/pages\/238548"}],"wp:attachment":[{"href":"https:\/\/campfortuneskiclub.org\/fr\/wp-json\/wp\/v2\/media?parent=238696"}],"curies":[{"name":"wp","href":"https:\/\/api.w.org\/{rel}","templated":true}]}}